{"id":613,"date":"2023-05-06T19:08:40","date_gmt":"2023-05-06T17:08:40","guid":{"rendered":"https:\/\/mindline.de\/mindline-shopper\/?page_id=613"},"modified":"2024-09-03T13:06:16","modified_gmt":"2024-09-03T11:06:16","slug":"impressum","status":"publish","type":"page","link":"https:\/\/mindline.de\/mindline-shopper\/impressum\/","title":{"rendered":"Impressum"},"content":{"rendered":"<p><div class=\"fusion-fullwidth fullwidth-box fusion-builder-row-1 fusion-flex-container has-pattern-background has-mask-background fusion-parallax-none nonhundred-percent-fullwidth non-hundred-percent-height-scrolling\" style=\"--awb-border-radius-top-left:0px;--awb-border-radius-top-right:0px;--awb-border-radius-bottom-right:0px;--awb-border-radius-bottom-left:0px;--awb-min-height:500px;--awb-background-image:url(&quot;https:\/\/mindline.de\/mindline-shopper\/wp-content\/uploads\/2023\/05\/Header-datenschutz-1800x440-1.jpg&quot;);--awb-background-size:cover;--awb-flex-wrap:wrap;\" id=\"start\" ><div class=\"fusion-builder-row fusion-row fusion-flex-align-items-flex-start fusion-flex-content-wrap\" style=\"max-width:1560px;margin-left: calc(-4% \/ 2 );margin-right: calc(-4% \/ 2 );\"><div class=\"fusion-layout-column fusion_builder_column fusion-builder-column-0 fusion_builder_column_1_1 1_1 fusion-flex-column\" style=\"--awb-bg-size:cover;--awb-width-large:100%;--awb-margin-top-large:0px;--awb-spacing-right-large:1.92%;--awb-margin-bottom-large:20px;--awb-spacing-left-large:1.92%;--awb-width-medium:100%;--awb-order-medium:0;--awb-spacing-right-medium:1.92%;--awb-spacing-left-medium:1.92%;--awb-width-small:100%;--awb-order-small:0;--awb-spacing-right-small:1.92%;--awb-spacing-left-small:1.92%;\"><div class=\"fusion-column-wrapper fusion-column-has-shadow fusion-flex-justify-content-flex-start fusion-content-layout-column\"><\/div><\/div><\/div><\/div><div class=\"fusion-fullwidth fullwidth-box fusion-builder-row-2 fusion-flex-container has-pattern-background has-mask-background nonhundred-percent-fullwidth non-hundred-percent-height-scrolling\" style=\"--awb-background-position:left top;--awb-border-sizes-top:0px;--awb-border-sizes-bottom:0px;--awb-border-sizes-left:0px;--awb-border-sizes-right:0px;--awb-border-radius-top-left:0px;--awb-border-radius-top-right:0px;--awb-border-radius-bottom-right:0px;--awb-border-radius-bottom-left:0px;--awb-padding-top:100px;--awb-padding-bottom:140px;--awb-margin-bottom-medium:0px;--awb-margin-bottom-small:0px;--awb-background-color:#f5f5f5;--awb-background-size:cover;--awb-flex-wrap:wrap;\" ><div class=\"fusion-builder-row fusion-row fusion-flex-align-items-stretch fusion-flex-justify-content-center fusion-flex-content-wrap\" style=\"max-width:1560px;margin-left: calc(-4% \/ 2 );margin-right: calc(-4% \/ 2 );\"><div class=\"fusion-layout-column fusion_builder_column fusion-builder-column-1 fusion_builder_column_2_3 2_3 fusion-flex-column fusion-flex-align-self-flex-start fusion-column-no-min-height\" style=\"--awb-bg-blend:overlay;--awb-bg-size:cover;--awb-width-large:66.666666666667%;--awb-margin-top-large:0px;--awb-spacing-right-large:2.88%;--awb-margin-bottom-large:0px;--awb-spacing-left-large:2.88%;--awb-width-medium:80%;--awb-order-medium:0;--awb-spacing-right-medium:2.4%;--awb-spacing-left-medium:2.4%;--awb-width-small:100%;--awb-order-small:0;--awb-spacing-right-small:1.92%;--awb-spacing-left-small:1.92%;\" data-scroll-devices=\"small-visibility,medium-visibility,large-visibility\"><div class=\"fusion-column-wrapper fusion-column-has-shadow fusion-flex-justify-content-flex-start fusion-content-layout-column\"><div class=\"fusion-title title fusion-title-1 fusion-sep-none fusion-title-center fusion-title-text fusion-title-size-two\" style=\"--awb-text-color:var(--awb-color8);\"><h2 class=\"fusion-title-heading title-heading-center\" style=\"margin:0;\">Impressum \/ AGB<\/h2><\/div><\/div><\/div><div class=\"fusion-layout-column fusion_builder_column fusion-builder-column-2 fusion_builder_column_1_1 1_1 fusion-flex-column\" style=\"--awb-bg-size:cover;--awb-width-large:100%;--awb-margin-top-large:0px;--awb-spacing-right-large:1.92%;--awb-margin-bottom-large:20px;--awb-spacing-left-large:1.92%;--awb-width-medium:100%;--awb-order-medium:0;--awb-spacing-right-medium:1.92%;--awb-spacing-left-medium:1.92%;--awb-width-small:100%;--awb-order-small:0;--awb-spacing-right-small:1.92%;--awb-spacing-left-small:1.92%;\"><div class=\"fusion-column-wrapper fusion-column-has-shadow fusion-flex-justify-content-flex-start fusion-content-layout-column\"><div class=\"fusion-separator fusion-full-width-sep\" style=\"align-self: center;margin-left: auto;margin-right: auto;margin-top:30px;margin-bottom:30px;width:100%;\"><div class=\"fusion-separator-border sep-single sep-solid\" style=\"--awb-height:20px;--awb-amount:20px;--awb-sep-color:var(--awb-color4);border-color:var(--awb-color4);border-top-width:1px;\"><\/div><\/div><\/div><\/div><div class=\"fusion-layout-column fusion_builder_column fusion-builder-column-3 fusion_builder_column_2_3 2_3 fusion-flex-column fusion-flex-align-self-flex-start fusion-column-no-min-height\" style=\"--awb-bg-blend:overlay;--awb-bg-size:cover;--awb-width-large:66.666666666667%;--awb-margin-top-large:0px;--awb-spacing-right-large:0px;--awb-margin-bottom-large:40px;--awb-spacing-left-large:0px;--awb-width-medium:80%;--awb-order-medium:0;--awb-spacing-right-medium:0px;--awb-spacing-left-medium:0px;--awb-width-small:100%;--awb-order-small:0;--awb-spacing-right-small:1.92%;--awb-spacing-left-small:1.92%;\" data-scroll-devices=\"small-visibility,medium-visibility,large-visibility\"><div class=\"fusion-column-wrapper fusion-column-has-shadow fusion-flex-justify-content-flex-start fusion-content-layout-column\"><div class=\"fusion-text fusion-text-1 fusion-text-no-margin\" style=\"--awb-content-alignment:center;\"><p>Verantwortlich f\u00fcr den Inhalt:<\/p>\n<p><strong>mindline GmbH Institut f\u00fcr Kommunikations- und Marketingforschung<\/strong><\/p>\n<p>Gesch\u00e4ftsf\u00fchrer: Stefan Ruthenberg, Antje Gollnick und J\u00f6rg Kunath<\/p>\n<p>Bramfelder Stra\u00dfe 115 22305 Hamburg<\/p>\n<p>eMail <strong>info@mindline.de<\/strong> | Telefon +49 (0)40 808 109 -0 | Ust.-IdNr: DE 813 424 220 | Registergericht Hamburg Nr.: HRB 83042<\/p>\n<p>Design &amp; Konzept: <a href=\"https:\/\/feineinstellung.de\"><strong>feineinstellung.de<\/strong><\/a> | Programmierung: <a href=\"https:\/\/rocklobsterweb.de\"><strong>rocklobsterweb.de<\/strong><\/a> | Fotografie: Christian Pudelko<\/p>\n<\/div><div class=\"fusion-separator fusion-full-width-sep\" style=\"align-self: center;margin-left: auto;margin-right: auto;margin-top:40px;margin-bottom:40px;width:100%;\"><\/div><div class=\"fusion-builder-row fusion-builder-row-inner fusion-row fusion-flex-align-items-stretch fusion-flex-justify-content-center fusion-flex-content-wrap\" style=\"width:104% !important;max-width:104% !important;margin-left: calc(-4% \/ 2 );margin-right: calc(-4% \/ 2 );\"><div class=\"fusion-layout-column fusion_builder_column_inner fusion-builder-nested-column-0 fusion_builder_column_inner_1_2 1_2 fusion-flex-column\" style=\"--awb-bg-size:cover;--awb-width-large:50%;--awb-margin-top-large:0px;--awb-spacing-right-large:3.84%;--awb-margin-bottom-large:20px;--awb-spacing-left-large:3.84%;--awb-width-medium:50%;--awb-order-medium:0;--awb-spacing-right-medium:3.84%;--awb-spacing-left-medium:3.84%;--awb-width-small:100%;--awb-order-small:0;--awb-spacing-right-small:1.92%;--awb-spacing-left-small:1.92%;\"><div class=\"fusion-column-wrapper fusion-column-has-shadow fusion-flex-justify-content-flex-start fusion-content-layout-column\"><div class=\"fusion-text fusion-text-2\" style=\"--awb-font-size:14px;\"><p><strong>Urheberrecht<\/strong> Text, Bilder, Grafiken, Sound, Animationen und Videos sowie deren Anordnung auf der mindline Website unterliegen dem Schutz des Urheberrechts und anderer Schutzgesetze. Der Inhalt dieser Website darf nicht zu kommerziellen Zwecken kopiert, verbreitet, ver\u00e4ndert oder Dritten zug\u00e4nglich gemacht werden. Wir weisen darauf hin, dass auf den Websites enthaltene Bilder teilweise dem Urheberrecht Dritter unterliegen. <strong>Haftungsbeschr\u00e4nkung<\/strong> Diese Website wurde mit gr\u00f6\u00dftm\u00f6glicher Sorgfalt zusammengestellt. Trotzdem kann keine Gew\u00e4hr f\u00fcr die Fehlerfreiheit und Genauigkeit der enthaltenen Informationen \u00fcbernommen werden. Jegliche Haftung f\u00fcr Sch\u00e4den, die direkt oder indirekt aus der Benutzung dieser Website entstehen, wird ausgeschlossen, soweit diese nicht auf Vorsatz oder grober Fahrl\u00e4ssigkeit beruhen.<\/p>\n<\/div><\/div><\/div><div class=\"fusion-layout-column fusion_builder_column_inner fusion-builder-nested-column-1 fusion_builder_column_inner_1_2 1_2 fusion-flex-column\" style=\"--awb-bg-size:cover;--awb-width-large:50%;--awb-margin-top-large:0px;--awb-spacing-right-large:3.84%;--awb-margin-bottom-large:20px;--awb-spacing-left-large:3.84%;--awb-width-medium:50%;--awb-order-medium:0;--awb-spacing-right-medium:3.84%;--awb-spacing-left-medium:3.84%;--awb-width-small:100%;--awb-order-small:0;--awb-spacing-right-small:1.92%;--awb-spacing-left-small:1.92%;\"><div class=\"fusion-column-wrapper fusion-column-has-shadow fusion-flex-justify-content-flex-start fusion-content-layout-column\"><div class=\"fusion-text fusion-text-3\" style=\"--awb-font-size:14px;\"><p><strong>AGB<\/strong> Unsere allgemeinen Gesch\u00e4ftsbedingungen lassen wir Ihnen bei Bedarf gerne zukommen. <strong>Externe Links<\/strong> Sofern von dieser Website auf Internetseiten verwiesen wird, die von Dritten betrieben werden, \u00fcbernimmt die mindline GmbH keine Verantwortung f\u00fcr deren Inhalte. Alle Rechte vorbehalten. <strong>Datenschutz<\/strong> Wir nehmen den Schutz Ihrer pers\u00f6nlichen Daten sehr ernst und halten uns strikt an die Regeln der Datenschutzgesetze. Personenbezogene Daten werden auf dieser Webseite nur im technisch notwendigen Umfang erhoben. Eine genaue Erkl\u00e4rung hierzu finden Sie auf unserer <a href=\"https:\/\/mindline.de\/mindline-shopper\/datenschutz\/\"><strong>Datenschutz Seite<\/strong><\/a>.<\/p>\n<\/div><\/div><\/div><\/div><\/div><\/div><\/div><\/div><\/p>\n","protected":false},"excerpt":{"rendered":"","protected":false},"author":7,"featured_media":0,"parent":0,"menu_order":0,"comment_status":"closed","ping_status":"closed","template":"100-width.php","meta":{"inline_featured_image":false,"footnotes":""},"class_list":["post-613","page","type-page","status-publish","hentry"],"yoast_head":"<!-- This site is optimized with the Yoast SEO plugin v27.3 - https:\/\/yoast.com\/product\/yoast-seo-wordpress\/ -->\n<title>Impressum &#8211; mindline shopper<\/title>\n<meta name=\"description\" content=\"Impressum der Webseite von mindline shopper\" \/>\n<meta name=\"robots\" content=\"index, follow, max-snippet:-1, max-image-preview:large, max-video-preview:-1\" \/>\n<link rel=\"canonical\" href=\"https:\/\/mindline.de\/mindline-shopper\/impressum\/\" \/>\n<meta property=\"og:locale\" content=\"de_DE\" \/>\n<meta property=\"og:type\" content=\"article\" \/>\n<meta property=\"og:title\" content=\"Impressum &#8211; mindline shopper\" \/>\n<meta property=\"og:description\" content=\"Impressum der Webseite von mindline shopper\" \/>\n<meta property=\"og:url\" content=\"https:\/\/mindline.de\/mindline-shopper\/impressum\/\" \/>\n<meta property=\"og:site_name\" content=\"mindline shopper\" \/>\n<meta property=\"article:modified_time\" content=\"2024-09-03T11:06:16+00:00\" \/>\n<meta name=\"twitter:card\" content=\"summary_large_image\" \/>\n<meta name=\"twitter:label1\" content=\"Gesch\u00e4tzte Lesezeit\" \/>\n\t<meta name=\"twitter:data1\" content=\"2\u00a0Minuten\" \/>\n<script type=\"application\/ld+json\" class=\"yoast-schema-graph\">{\"@context\":\"https:\\\/\\\/schema.org\",\"@graph\":[{\"@type\":\"WebPage\",\"@id\":\"https:\\\/\\\/mindline.de\\\/mindline-shopper\\\/impressum\\\/\",\"url\":\"https:\\\/\\\/mindline.de\\\/mindline-shopper\\\/impressum\\\/\",\"name\":\"Impressum &#8211; mindline shopper\",\"isPartOf\":{\"@id\":\"https:\\\/\\\/mindline.de\\\/mindline-shopper\\\/#website\"},\"datePublished\":\"2023-05-06T17:08:40+00:00\",\"dateModified\":\"2024-09-03T11:06:16+00:00\",\"description\":\"Impressum der Webseite von mindline shopper\",\"breadcrumb\":{\"@id\":\"https:\\\/\\\/mindline.de\\\/mindline-shopper\\\/impressum\\\/#breadcrumb\"},\"inLanguage\":\"de\",\"potentialAction\":[{\"@type\":\"ReadAction\",\"target\":[\"https:\\\/\\\/mindline.de\\\/mindline-shopper\\\/impressum\\\/\"]}]},{\"@type\":\"BreadcrumbList\",\"@id\":\"https:\\\/\\\/mindline.de\\\/mindline-shopper\\\/impressum\\\/#breadcrumb\",\"itemListElement\":[{\"@type\":\"ListItem\",\"position\":1,\"name\":\"Startseite\",\"item\":\"https:\\\/\\\/mindline.de\\\/mindline-shopper\\\/\"},{\"@type\":\"ListItem\",\"position\":2,\"name\":\"Impressum\"}]},{\"@type\":\"WebSite\",\"@id\":\"https:\\\/\\\/mindline.de\\\/mindline-shopper\\\/#website\",\"url\":\"https:\\\/\\\/mindline.de\\\/mindline-shopper\\\/\",\"name\":\"mindline shopper | shopper research und insights\",\"description\":\"Research &amp; Insights f\u00fcr Shopper &amp; Retail\",\"publisher\":{\"@id\":\"https:\\\/\\\/mindline.de\\\/mindline-shopper\\\/#organization\"},\"potentialAction\":[{\"@type\":\"SearchAction\",\"target\":{\"@type\":\"EntryPoint\",\"urlTemplate\":\"https:\\\/\\\/mindline.de\\\/mindline-shopper\\\/?s={search_term_string}\"},\"query-input\":{\"@type\":\"PropertyValueSpecification\",\"valueRequired\":true,\"valueName\":\"search_term_string\"}}],\"inLanguage\":\"de\"},{\"@type\":\"Organization\",\"@id\":\"https:\\\/\\\/mindline.de\\\/mindline-shopper\\\/#organization\",\"name\":\"mindline engage\",\"url\":\"https:\\\/\\\/mindline.de\\\/mindline-shopper\\\/\",\"logo\":{\"@type\":\"ImageObject\",\"inLanguage\":\"de\",\"@id\":\"https:\\\/\\\/mindline.de\\\/mindline-shopper\\\/#\\\/schema\\\/logo\\\/image\\\/\",\"url\":\"https:\\\/\\\/mindline.de\\\/mindline-shopper\\\/wp-content\\\/uploads\\\/2023\\\/05\\\/logo-mindline_engage.png\",\"contentUrl\":\"https:\\\/\\\/mindline.de\\\/mindline-shopper\\\/wp-content\\\/uploads\\\/2023\\\/05\\\/logo-mindline_engage.png\",\"width\":500,\"height\":69,\"caption\":\"mindline engage\"},\"image\":{\"@id\":\"https:\\\/\\\/mindline.de\\\/mindline-shopper\\\/#\\\/schema\\\/logo\\\/image\\\/\"}}]}<\/script>\n<!-- \/ Yoast SEO plugin. -->","yoast_head_json":{"title":"Impressum &#8211; mindline shopper","description":"Impressum der Webseite von mindline shopper","robots":{"index":"index","follow":"follow","max-snippet":"max-snippet:-1","max-image-preview":"max-image-preview:large","max-video-preview":"max-video-preview:-1"},"canonical":"https:\/\/mindline.de\/mindline-shopper\/impressum\/","og_locale":"de_DE","og_type":"article","og_title":"Impressum &#8211; mindline shopper","og_description":"Impressum der Webseite von mindline shopper","og_url":"https:\/\/mindline.de\/mindline-shopper\/impressum\/","og_site_name":"mindline shopper","article_modified_time":"2024-09-03T11:06:16+00:00","twitter_card":"summary_large_image","twitter_misc":{"Gesch\u00e4tzte Lesezeit":"2\u00a0Minuten"},"schema":{"@context":"https:\/\/schema.org","@graph":[{"@type":"WebPage","@id":"https:\/\/mindline.de\/mindline-shopper\/impressum\/","url":"https:\/\/mindline.de\/mindline-shopper\/impressum\/","name":"Impressum &#8211; mindline shopper","isPartOf":{"@id":"https:\/\/mindline.de\/mindline-shopper\/#website"},"datePublished":"2023-05-06T17:08:40+00:00","dateModified":"2024-09-03T11:06:16+00:00","description":"Impressum der Webseite von mindline shopper","breadcrumb":{"@id":"https:\/\/mindline.de\/mindline-shopper\/impressum\/#breadcrumb"},"inLanguage":"de","potentialAction":[{"@type":"ReadAction","target":["https:\/\/mindline.de\/mindline-shopper\/impressum\/"]}]},{"@type":"BreadcrumbList","@id":"https:\/\/mindline.de\/mindline-shopper\/impressum\/#breadcrumb","itemListElement":[{"@type":"ListItem","position":1,"name":"Startseite","item":"https:\/\/mindline.de\/mindline-shopper\/"},{"@type":"ListItem","position":2,"name":"Impressum"}]},{"@type":"WebSite","@id":"https:\/\/mindline.de\/mindline-shopper\/#website","url":"https:\/\/mindline.de\/mindline-shopper\/","name":"mindline shopper | shopper research und insights","description":"Research &amp; Insights f\u00fcr Shopper &amp; Retail","publisher":{"@id":"https:\/\/mindline.de\/mindline-shopper\/#organization"},"potentialAction":[{"@type":"SearchAction","target":{"@type":"EntryPoint","urlTemplate":"https:\/\/mindline.de\/mindline-shopper\/?s={search_term_string}"},"query-input":{"@type":"PropertyValueSpecification","valueRequired":true,"valueName":"search_term_string"}}],"inLanguage":"de"},{"@type":"Organization","@id":"https:\/\/mindline.de\/mindline-shopper\/#organization","name":"mindline engage","url":"https:\/\/mindline.de\/mindline-shopper\/","logo":{"@type":"ImageObject","inLanguage":"de","@id":"https:\/\/mindline.de\/mindline-shopper\/#\/schema\/logo\/image\/","url":"https:\/\/mindline.de\/mindline-shopper\/wp-content\/uploads\/2023\/05\/logo-mindline_engage.png","contentUrl":"https:\/\/mindline.de\/mindline-shopper\/wp-content\/uploads\/2023\/05\/logo-mindline_engage.png","width":500,"height":69,"caption":"mindline engage"},"image":{"@id":"https:\/\/mindline.de\/mindline-shopper\/#\/schema\/logo\/image\/"}}]}},"_links":{"self":[{"href":"https:\/\/mindline.de\/mindline-shopper\/wp-json\/wp\/v2\/pages\/613","targetHints":{"allow":["GET"]}}],"collection":[{"href":"https:\/\/mindline.de\/mindline-shopper\/wp-json\/wp\/v2\/pages"}],"about":[{"href":"https:\/\/mindline.de\/mindline-shopper\/wp-json\/wp\/v2\/types\/page"}],"author":[{"embeddable":true,"href":"https:\/\/mindline.de\/mindline-shopper\/wp-json\/wp\/v2\/users\/7"}],"replies":[{"embeddable":true,"href":"https:\/\/mindline.de\/mindline-shopper\/wp-json\/wp\/v2\/comments?post=613"}],"version-history":[{"count":1,"href":"https:\/\/mindline.de\/mindline-shopper\/wp-json\/wp\/v2\/pages\/613\/revisions"}],"predecessor-version":[{"id":2880,"href":"https:\/\/mindline.de\/mindline-shopper\/wp-json\/wp\/v2\/pages\/613\/revisions\/2880"}],"wp:attachment":[{"href":"https:\/\/mindline.de\/mindline-shopper\/wp-json\/wp\/v2\/media?parent=613"}],"curies":[{"name":"wp","href":"https:\/\/api.w.org\/{rel}","templated":true}]}}